{"id":798,"date":"2020-09-08T15:02:15","date_gmt":"2020-09-08T13:02:15","guid":{"rendered":"https:\/\/azul-pacifico.com\/de\/?page_id=798"},"modified":"2020-11-25T11:46:07","modified_gmt":"2020-11-25T10:46:07","slug":"land-tours-western-united-states","status":"publish","type":"page","link":"https:\/\/azul-pacifico.com\/de\/land-tours-western-united-states\/","title":{"rendered":"Land Tours &#8211; Western United States"},"content":{"rendered":"<p>[et_pb_section fb_built=&#8221;1&#8243; fullwidth=&#8221;on&#8221; _builder_version=&#8221;4.6.1&#8243; _module_preset=&#8221;default&#8221;][et_pb_fullwidth_slider use_text_overlay=&#8221;on&#8221; text_overlay_color=&#8221;#000000&#8243; module_class=&#8221;top-fullwidth-slider&#8221; _builder_version=&#8221;4.6.5&#8243; _module_preset=&#8221;default&#8221; header_font_size=&#8221;53px&#8221; custom_padding=&#8221;||||true|false&#8221; auto=&#8221;on&#8221;][et_pb_slide heading=&#8221;AZUL PACIFICO&#8221; button_text=&#8221;ENTDECKEN&#8221; button_link=&#8221;#us-west-tours&#8221; use_bg_overlay=&#8221;on&#8221; use_text_overlay=&#8221;off&#8221; _builder_version=&#8221;4.6.5&#8243; _module_preset=&#8221;default&#8221; background_image=&#8221;https:\/\/azul-pacifico.com\/de\/wp-content\/uploads\/sites\/4\/banner-land-tours-westerm-united-states.jpg&#8221; background_enable_image=&#8221;on&#8221; sticky_transition=&#8221;on&#8221;]<img loading=\"lazy\" decoding=\"async\" src=\"https:\/\/azul-pacifico.com\/de\/wp-content\/uploads\/sites\/4\/azul-logo-white-top-banner-300x134.png\" width=\"300\" height=\"134\" alt=\"Azul Pacifico\" class=\"wp-image-1908 alignnone size-medium\" \/>[\/et_pb_slide][\/et_pb_fullwidth_slider][\/et_pb_section][et_pb_section fb_built=&#8221;1&#8243; _builder_version=&#8221;4.6.5&#8243; _module_preset=&#8221;default&#8221; background_color=&#8221;rgba(0,0,0,0)&#8221; custom_padding=&#8221;20px||||false|false&#8221;][et_pb_row _builder_version=&#8221;4.6.5&#8243; _module_preset=&#8221;default&#8221; background_color=&#8221;rgba(0,0,0,0)&#8221;][et_pb_column type=&#8221;4_4&#8243; _builder_version=&#8221;4.6.1&#8243; _module_preset=&#8221;default&#8221;][et_pb_text admin_label=&#8221;Headline &#8211; h1&#8243; _builder_version=&#8221;4.6.5&#8243; _module_preset=&#8221;default&#8221; background_color=&#8221;rgba(0,0,0,0)&#8221; text_orientation=&#8221;center&#8221;]<\/p>\n<h1>WESTERN UNITED STATES<\/h1>\n<p>[\/et_pb_text][et_pb_text admin_label=&#8221;Western United States&#8221; _builder_version=&#8221;4.7.3&#8243; _module_preset=&#8221;default&#8221; background_color=&#8221;rgba(0,0,0,0)&#8221;]\u201eGo West\u201c war das Motto der Einwanderer Amerikas. Ersp\u00fcren auch Sie die faszinierende Kraft von Mutter Natur. Tauchen Sie ein in die Geschichte des Wilden Westens, indem Sie durch den Grand Canyon und die Utah Canyons reisen. Sie kommen an der pazifischen Westk\u00fcste an, fahren den Pacific Highway entlang und erleben zwei v\u00f6llig unterschiedliche St\u00e4dte: das k\u00fchle San Francisco und das hei\u00dfe Las Vegas.<\/p>\n<p>Wir sind \u00fcberzeugt davon, dass Roadtrips wirklich die erf\u00fcllende Art sind, den Westen der USA zu erleben. Nur wenn Sie entlang dieser weiten, schier endlosen Stra\u00dfen reisen, k\u00f6nnen Sie die Menschen vor Ort wirklich kennenlernen. Wo auch immer Sie Halt machen, werden Sie die amerikanische Lebensweise so urspr\u00fcnglich erfahren, wie wir sie aus B\u00fcchern und Filmen kennen. Diese beiden Roadtrips, die wir geplant und weiterentwickelt haben, spiegeln unsere Erfahrungen wider, wo und wie das \u201eAmerican Feeling\u201c am besten erlebbar wird.[\/et_pb_text][\/et_pb_column][\/et_pb_row][\/et_pb_section][et_pb_section fb_built=&#8221;1&#8243; module_id=&#8221;us-west-tours&#8221; _builder_version=&#8221;4.6.5&#8243; _module_preset=&#8221;default&#8221; background_color=&#8221;rgba(109,172,167,0.45)&#8221; background_enable_image=&#8221;off&#8221; custom_padding=&#8221;20px||||false|false&#8221;][et_pb_row _builder_version=&#8221;4.6.0&#8243; _module_preset=&#8221;default&#8221;][et_pb_column type=&#8221;4_4&#8243; _builder_version=&#8221;4.6.0&#8243; _module_preset=&#8221;default&#8221;][et_pb_text admin_label=&#8221;Headline h2&#8243; _builder_version=&#8221;4.7.3&#8243; _module_preset=&#8221;default&#8221; text_orientation=&#8221;center&#8221; hover_enabled=&#8221;0&#8243; sticky_enabled=&#8221;0&#8243;]<\/p>\n<h2>WESTERN UNITED STATES TOURS<\/h2>\n<p>[\/et_pb_text][et_pb_dp_oc number_post=&#8221;100&#8243; cpt_name=&#8221;tour&#8221; cpt_categories=&#8221;19&#8243; show_post_title=&#8221;on&#8221; custom_fields=&#8221;on&#8221; custom_field_names=&#8221;tour-type&#8221; custom_field_labels=&#8221;Location&#8221; show_post_excerpt=&#8221;on&#8221; read_more=&#8221;on&#8221; read_more_text=&#8221;ENTDECKEN&#8221; show_custom_content=&#8221;on&#8221; behavior=&#8221;linear&#8221; slide_auto=&#8221;off&#8221; thumbnail_original=&#8221;on&#8221; number_thumb=&#8221;3&#8243; number_thumb_tablet=&#8221;2&#8243; number_thumb_phone=&#8221;&#8221; number_thumb_last_edited=&#8221;on|phone&#8221; module_bg=&#8221;#ffffff&#8221; _builder_version=&#8221;4.6.5&#8243; _module_preset=&#8221;default&#8221; text_orientation=&#8221;center&#8221; custom_margin=&#8221;||||false|false&#8221; custom_padding=&#8221;||||false|true&#8221;][\/et_pb_dp_oc][\/et_pb_column][\/et_pb_row][\/et_pb_section][et_pb_section fb_built=&#8221;1&#8243; _builder_version=&#8221;4.6.5&#8243; _module_preset=&#8221;default&#8221; background_color=&#8221;rgba(0,0,0,0)&#8221;][et_pb_row _builder_version=&#8221;4.6.5&#8243; _module_preset=&#8221;default&#8221; background_color=&#8221;rgba(0,0,0,0)&#8221;][et_pb_column type=&#8221;4_4&#8243; _builder_version=&#8221;4.6.1&#8243; _module_preset=&#8221;default&#8221;][et_pb_text admin_label=&#8221;Headline  &#8211; H2&#8243; _builder_version=&#8221;4.7.3&#8243; _module_preset=&#8221;default&#8221; background_color=&#8221;rgba(0,0,0,0)&#8221; text_orientation=&#8221;center&#8221; hover_enabled=&#8221;0&#8243; sticky_enabled=&#8221;0&#8243;]<\/p>\n<h2>DIES K\u00d6NNTE IHNEN AUCH GEFALLEN<\/h2>\n<p>[\/et_pb_text][et_pb_post_slider include_categories=&#8221;19&#8243; more_text=&#8221;ENTDECKEN&#8221; show_meta=&#8221;off&#8221; _builder_version=&#8221;4.6.5&#8243; _module_preset=&#8221;default&#8221;][\/et_pb_post_slider][\/et_pb_column][\/et_pb_row][\/et_pb_section]<\/p>\n","protected":false},"excerpt":{"rendered":"<p>WESTERN UNITED STATES\u201eGo West\u201c war das Motto der Einwanderer Amerikas. Ersp\u00fcren auch Sie die faszinierende Kraft von Mutter Natur. Tauchen Sie ein in die Geschichte des Wilden Westens, indem Sie durch den Grand Canyon und die Utah Canyons reisen. Sie kommen an der pazifischen Westk\u00fcste an, fahren den Pacific Highway entlang und erleben zwei v\u00f6llig [&hellip;]<\/p>\n<div class=\"blog-overview-custom-wrapper\"><div class=\"blog-overview-custom-element-one\"><\/div><div class=\"blog-overview-custom-element-two\"><\/div><\/div>","protected":false},"author":1,"featured_media":0,"parent":0,"menu_order":0,"comment_status":"closed","ping_status":"closed","template":"","meta":{"_acf_changed":false,"_et_pb_use_builder":"on","_et_pb_old_content":"","_et_gb_content_width":"","footnotes":""},"class_list":["post-798","page","type-page","status-publish","hentry"],"acf":[],"yoast_head":"<!-- This site is optimized with the Yoast SEO plugin v27.3 - https:\/\/yoast.com\/product\/yoast-seo-wordpress\/ -->\n<title>Land Tours - Western United states - Azul Pacifico<\/title>\n<meta name=\"description\" content=\"Arrive at the Pacific West Coast where you can drive down the Pacific Highway and experience two wildly different cities: the cool San Francisco and the hot Las Vegas.\" \/>\n<meta name=\"robots\" content=\"index, follow, max-snippet:-1, max-image-preview:large, max-video-preview:-1\" \/>\n<link rel=\"canonical\" href=\"https:\/\/azul-pacifico.com\/de\/land-tours-western-united-states\/\" \/>\n<meta property=\"og:locale\" content=\"en_US\" \/>\n<meta property=\"og:type\" content=\"article\" \/>\n<meta property=\"og:title\" content=\"Land Tours - Western United states - Azul Pacifico\" \/>\n<meta property=\"og:description\" content=\"Arrive at the Pacific West Coast where you can drive down the Pacific Highway and experience two wildly different cities: the cool San Francisco and the hot Las Vegas.\" \/>\n<meta property=\"og:url\" content=\"https:\/\/azul-pacifico.com\/de\/land-tours-western-united-states\/\" \/>\n<meta property=\"og:site_name\" content=\"German - Azul Pacifico, Private Land and Sea Tours, Regenburg\" \/>\n<meta property=\"article:modified_time\" content=\"2020-11-25T10:46:07+00:00\" \/>\n<meta property=\"og:image\" content=\"https:\/\/azul-pacifico.com\/de\/wp-content\/uploads\/sites\/4\/azul-logo-white-top-banner-300x134.png\" \/>\n<meta name=\"twitter:card\" content=\"summary_large_image\" \/>\n<meta name=\"twitter:label1\" content=\"Est. reading time\" \/>\n\t<meta name=\"twitter:data1\" content=\"3 minutes\" \/>\n<script type=\"application\/ld+json\" class=\"yoast-schema-graph\">{\"@context\":\"https:\\\/\\\/schema.org\",\"@graph\":[{\"@type\":\"WebPage\",\"@id\":\"https:\\\/\\\/azul-pacifico.com\\\/de\\\/land-tours-western-united-states\\\/\",\"url\":\"https:\\\/\\\/azul-pacifico.com\\\/de\\\/land-tours-western-united-states\\\/\",\"name\":\"Land Tours - Western United states - Azul Pacifico\",\"isPartOf\":{\"@id\":\"https:\\\/\\\/azul-pacifico.com\\\/de\\\/#website\"},\"primaryImageOfPage\":{\"@id\":\"https:\\\/\\\/azul-pacifico.com\\\/de\\\/land-tours-western-united-states\\\/#primaryimage\"},\"image\":{\"@id\":\"https:\\\/\\\/azul-pacifico.com\\\/de\\\/land-tours-western-united-states\\\/#primaryimage\"},\"thumbnailUrl\":\"https:\\\/\\\/azul-pacifico.com\\\/de\\\/wp-content\\\/uploads\\\/sites\\\/4\\\/azul-logo-white-top-banner-300x134.png\",\"datePublished\":\"2020-09-08T13:02:15+00:00\",\"dateModified\":\"2020-11-25T10:46:07+00:00\",\"description\":\"Arrive at the Pacific West Coast where you can drive down the Pacific Highway and experience two wildly different cities: the cool San Francisco and the hot Las Vegas.\",\"breadcrumb\":{\"@id\":\"https:\\\/\\\/azul-pacifico.com\\\/de\\\/land-tours-western-united-states\\\/#breadcrumb\"},\"inLanguage\":\"en-US\",\"potentialAction\":[{\"@type\":\"ReadAction\",\"target\":[\"https:\\\/\\\/azul-pacifico.com\\\/de\\\/land-tours-western-united-states\\\/\"]}]},{\"@type\":\"ImageObject\",\"inLanguage\":\"en-US\",\"@id\":\"https:\\\/\\\/azul-pacifico.com\\\/de\\\/land-tours-western-united-states\\\/#primaryimage\",\"url\":\"https:\\\/\\\/azul-pacifico.com\\\/de\\\/wp-content\\\/uploads\\\/sites\\\/4\\\/azul-logo-white-top-banner.png\",\"contentUrl\":\"https:\\\/\\\/azul-pacifico.com\\\/de\\\/wp-content\\\/uploads\\\/sites\\\/4\\\/azul-logo-white-top-banner.png\",\"width\":501,\"height\":223},{\"@type\":\"BreadcrumbList\",\"@id\":\"https:\\\/\\\/azul-pacifico.com\\\/de\\\/land-tours-western-united-states\\\/#breadcrumb\",\"itemListElement\":[{\"@type\":\"ListItem\",\"position\":1,\"name\":\"Startseite\",\"item\":\"https:\\\/\\\/azul-pacifico.com\\\/de\\\/\"},{\"@type\":\"ListItem\",\"position\":2,\"name\":\"Land Tours &#8211; Western United States\"}]},{\"@type\":\"WebSite\",\"@id\":\"https:\\\/\\\/azul-pacifico.com\\\/de\\\/#website\",\"url\":\"https:\\\/\\\/azul-pacifico.com\\\/de\\\/\",\"name\":\"German - Azul Pacifico, Private Land and Sea Tours, Regenburg\",\"description\":\"Private Land and Sea Tours\",\"potentialAction\":[{\"@type\":\"SearchAction\",\"target\":{\"@type\":\"EntryPoint\",\"urlTemplate\":\"https:\\\/\\\/azul-pacifico.com\\\/de\\\/?s={search_term_string}\"},\"query-input\":{\"@type\":\"PropertyValueSpecification\",\"valueRequired\":true,\"valueName\":\"search_term_string\"}}],\"inLanguage\":\"en-US\"}]}<\/script>\n<!-- \/ Yoast SEO plugin. -->","yoast_head_json":{"title":"Land Tours - Western United states - Azul Pacifico","description":"Arrive at the Pacific West Coast where you can drive down the Pacific Highway and experience two wildly different cities: the cool San Francisco and the hot Las Vegas.","robots":{"index":"index","follow":"follow","max-snippet":"max-snippet:-1","max-image-preview":"max-image-preview:large","max-video-preview":"max-video-preview:-1"},"canonical":"https:\/\/azul-pacifico.com\/de\/land-tours-western-united-states\/","og_locale":"en_US","og_type":"article","og_title":"Land Tours - Western United states - Azul Pacifico","og_description":"Arrive at the Pacific West Coast where you can drive down the Pacific Highway and experience two wildly different cities: the cool San Francisco and the hot Las Vegas.","og_url":"https:\/\/azul-pacifico.com\/de\/land-tours-western-united-states\/","og_site_name":"German - Azul Pacifico, Private Land and Sea Tours, Regenburg","article_modified_time":"2020-11-25T10:46:07+00:00","og_image":[{"url":"https:\/\/azul-pacifico.com\/de\/wp-content\/uploads\/sites\/4\/azul-logo-white-top-banner-300x134.png","type":"","width":"","height":""}],"twitter_card":"summary_large_image","twitter_misc":{"Est. reading time":"3 minutes"},"schema":{"@context":"https:\/\/schema.org","@graph":[{"@type":"WebPage","@id":"https:\/\/azul-pacifico.com\/de\/land-tours-western-united-states\/","url":"https:\/\/azul-pacifico.com\/de\/land-tours-western-united-states\/","name":"Land Tours - Western United states - Azul Pacifico","isPartOf":{"@id":"https:\/\/azul-pacifico.com\/de\/#website"},"primaryImageOfPage":{"@id":"https:\/\/azul-pacifico.com\/de\/land-tours-western-united-states\/#primaryimage"},"image":{"@id":"https:\/\/azul-pacifico.com\/de\/land-tours-western-united-states\/#primaryimage"},"thumbnailUrl":"https:\/\/azul-pacifico.com\/de\/wp-content\/uploads\/sites\/4\/azul-logo-white-top-banner-300x134.png","datePublished":"2020-09-08T13:02:15+00:00","dateModified":"2020-11-25T10:46:07+00:00","description":"Arrive at the Pacific West Coast where you can drive down the Pacific Highway and experience two wildly different cities: the cool San Francisco and the hot Las Vegas.","breadcrumb":{"@id":"https:\/\/azul-pacifico.com\/de\/land-tours-western-united-states\/#breadcrumb"},"inLanguage":"en-US","potentialAction":[{"@type":"ReadAction","target":["https:\/\/azul-pacifico.com\/de\/land-tours-western-united-states\/"]}]},{"@type":"ImageObject","inLanguage":"en-US","@id":"https:\/\/azul-pacifico.com\/de\/land-tours-western-united-states\/#primaryimage","url":"https:\/\/azul-pacifico.com\/de\/wp-content\/uploads\/sites\/4\/azul-logo-white-top-banner.png","contentUrl":"https:\/\/azul-pacifico.com\/de\/wp-content\/uploads\/sites\/4\/azul-logo-white-top-banner.png","width":501,"height":223},{"@type":"BreadcrumbList","@id":"https:\/\/azul-pacifico.com\/de\/land-tours-western-united-states\/#breadcrumb","itemListElement":[{"@type":"ListItem","position":1,"name":"Startseite","item":"https:\/\/azul-pacifico.com\/de\/"},{"@type":"ListItem","position":2,"name":"Land Tours &#8211; Western United States"}]},{"@type":"WebSite","@id":"https:\/\/azul-pacifico.com\/de\/#website","url":"https:\/\/azul-pacifico.com\/de\/","name":"German - Azul Pacifico, Private Land and Sea Tours, Regenburg","description":"Private Land and Sea Tours","potentialAction":[{"@type":"SearchAction","target":{"@type":"EntryPoint","urlTemplate":"https:\/\/azul-pacifico.com\/de\/?s={search_term_string}"},"query-input":{"@type":"PropertyValueSpecification","valueRequired":true,"valueName":"search_term_string"}}],"inLanguage":"en-US"}]}},"_links":{"self":[{"href":"https:\/\/azul-pacifico.com\/de\/wp-json\/wp\/v2\/pages\/798","targetHints":{"allow":["GET"]}}],"collection":[{"href":"https:\/\/azul-pacifico.com\/de\/wp-json\/wp\/v2\/pages"}],"about":[{"href":"https:\/\/azul-pacifico.com\/de\/wp-json\/wp\/v2\/types\/page"}],"author":[{"embeddable":true,"href":"https:\/\/azul-pacifico.com\/de\/wp-json\/wp\/v2\/users\/1"}],"replies":[{"embeddable":true,"href":"https:\/\/azul-pacifico.com\/de\/wp-json\/wp\/v2\/comments?post=798"}],"version-history":[{"count":10,"href":"https:\/\/azul-pacifico.com\/de\/wp-json\/wp\/v2\/pages\/798\/revisions"}],"predecessor-version":[{"id":2910,"href":"https:\/\/azul-pacifico.com\/de\/wp-json\/wp\/v2\/pages\/798\/revisions\/2910"}],"wp:attachment":[{"href":"https:\/\/azul-pacifico.com\/de\/wp-json\/wp\/v2\/media?parent=798"}],"curies":[{"name":"wp","href":"https:\/\/api.w.org\/{rel}","templated":true}]}}