{"id":2978,"date":"2022-02-01T14:43:18","date_gmt":"2022-02-01T13:43:18","guid":{"rendered":"https:\/\/azul-pacifico.com\/de\/?page_id=2978"},"modified":"2022-02-01T15:25:22","modified_gmt":"2022-02-01T14:25:22","slug":"mexico-unplugged","status":"publish","type":"page","link":"https:\/\/azul-pacifico.com\/de\/mexico-unplugged\/","title":{"rendered":"Mexico Unplugged"},"content":{"rendered":"<p>[et_pb_section fb_built=&#8221;1&#8243; _builder_version=&#8221;4.14.7&#8243; _module_preset=&#8221;default&#8221; global_colors_info=&#8221;{}&#8221;][et_pb_row _builder_version=&#8221;4.14.7&#8243; _module_preset=&#8221;default&#8221; global_colors_info=&#8221;{}&#8221;][et_pb_column type=&#8221;4_4&#8243; _builder_version=&#8221;4.14.7&#8243; _module_preset=&#8221;default&#8221; global_colors_info=&#8221;{}&#8221;][et_pb_text admin_label=&#8221;Mexico Unplugged&#8221; _builder_version=&#8221;4.14.7&#8243; _module_preset=&#8221;default&#8221; global_colors_info=&#8221;{}&#8221;]<\/p>\n<h1>Mexico Unplugged<\/h1>\n<p>&nbsp;<\/p>\n<p><strong>Wohin wird dich 2022 f\u00fchren?\u201c<\/strong><\/p>\n<p>Es f\u00fchlt sich gut an, diese Worte zu schreiben. Nach einer langen Pause kehrt das Reisen zur\u00fcck. Grenzen werden wieder ge\u00f6ffnet, Familien finden wieder zueinander und lang ersehnte Tr\u00e4ume werden Wirklichkeit. Da das Jahr 2022 schon begonnen hat, planen Sie sicher schon eifrig und aufgeregt Ihre n\u00e4chsten Reisemonate? Oder vielleicht tr\u00e4umen Sie auch nur \u00fcber das Reisen und sind sich nicht sicher, wohin es nach der langen Pause am liebsten gehen soll?<br \/>Nun, wir haben uns bereits entschieden, 2022 zu einem besonderen Mexiko-Reisejahr zu machen. Deshalb haben wir speziell f\u00fcr Sie 5 Sonderreisen entworfen!\u00a0 Es sind unglaubliche Kombinationen, die auf unserer langj\u00e4hrigen lokalen Erfahrung mit touristischen Juwelen basieren, von denen viele zum ersten Mal in einer Kombinationstour vorgestellt wurden.<\/p>\n<p>Lassen Sie uns gleich telefonieren, um ein unverbindliches Beratungsgespr\u00e4ch mit uns zu bekommen oder klicken Sie einfach hier, um direkt einen kostenlosen Termin zu buchen \u2013 entweder bei Ihnen vor Ort oder per Telefon &amp; Online-Videokonferenz.<\/p>\n<p>[\/et_pb_text][et_pb_button button_url=&#8221;https:\/\/calendly.com\/azul-pacifico\/mexico_unplugged_2022_coaching_by_expert?month=2022-01&#8243; url_new_window=&#8221;on&#8221; button_text=&#8221;Buchen Sie ein Termin!&#8221; _builder_version=&#8221;4.14.7&#8243; _module_preset=&#8221;default&#8221; global_colors_info=&#8221;{}&#8221;][\/et_pb_button][et_pb_text admin_label=&#8221;Link zu calendly.com&#8221; _builder_version=&#8221;4.14.7&#8243; _module_preset=&#8221;default&#8221; global_colors_info=&#8221;{}&#8221;]<\/p>\n<p><em><strong>Link zu calendly.com<\/strong><\/em><\/p>\n<p>[\/et_pb_text][\/et_pb_column][\/et_pb_row][et_pb_row _builder_version=&#8221;4.14.7&#8243; _module_preset=&#8221;default&#8221; global_colors_info=&#8221;{}&#8221;][et_pb_column type=&#8221;4_4&#8243; _builder_version=&#8221;4.14.7&#8243; _module_preset=&#8221;default&#8221; global_colors_info=&#8221;{}&#8221;][et_pb_code module_class=&#8221;myTest3&#8243; _builder_version=&#8221;4.14.7&#8243; _module_preset=&#8221;default&#8221; hover_enabled=&#8221;0&#8243; global_colors_info=&#8221;{}&#8221; sticky_enabled=&#8221;0&#8243;]<button class=\"myButton3\">Sehen Sie die gesamte Reiseroute an!<\/button><!-- [et_pb_line_break_holder] --><a target=\"_blank\" class=\"blankButton\" href=\"https:\/\/travefy.com\/trip\/6yw9rqtxapjwqz2a7e9dcuqu2pc3uzq\" rel=\"noopener\">Oder bei Travefy!<\/a><!-- [et_pb_line_break_holder] --><!-- [et_pb_line_break_holder] --><\/p>\n<div class=\"travefy-itinerary\" data-travefy-itinerary-id=\"6yw9rqtxapjwqz2a7e9dcuqu2pc3uzq\"><\/div>\n<p>[\/et_pb_code][et_pb_code module_class=&#8221;myTest2&#8243; _builder_version=&#8221;4.14.7&#8243; _module_preset=&#8221;default&#8221; hover_enabled=&#8221;0&#8243; global_colors_info=&#8221;{}&#8221; sticky_enabled=&#8221;0&#8243;]<button class=\"myButton2\">Sehen Sie die gesamte Reiseroute an!<\/button><!-- [et_pb_line_break_holder] --><a target=\"_blank\" class=\"blankButton\" href=\"https:\/\/travefy.com\/trip\/6yw9rqtxxp6wqz2ayxnczvbgec435gq\" rel=\"noopener\">Oder bei Travefy!<\/a><!-- [et_pb_line_break_holder] --><!-- [et_pb_line_break_holder] --><\/p>\n<div class=\"travefy-itinerary\" data-travefy-itinerary-id=\"6yw9rqtxxp6wqz2ayxnczvbgec435gq\"><\/div>\n<p>[\/et_pb_code][et_pb_code module_class=&#8221;myTest&#8221; _builder_version=&#8221;4.14.7&#8243; _module_preset=&#8221;default&#8221; hover_enabled=&#8221;0&#8243; global_colors_info=&#8221;{}&#8221; sticky_enabled=&#8221;0&#8243;]<button class=\"myButton\">Sehen Sie die gesamte Reiseroute an!<\/button><!-- [et_pb_line_break_holder] --><a target=\"_blank\" class=\"blankButton\" href=\"https:\/\/travefy.com\/trip\/6yw9rqtxx3ywqz2amkrhmjmtu8bpapq\" rel=\"noopener\">Oder bei Travefy!<\/a><!-- [et_pb_line_break_holder] --><!-- [et_pb_line_break_holder] --><\/p>\n<div class=\"travefy-itinerary\" data-travefy-itinerary-id=\"6yw9rqtxx3ywqz2amkrhmjmtu8bpapq\"><\/div>\n<p>[\/et_pb_code][et_pb_code module_class=&#8221;myTest4&#8243; _builder_version=&#8221;4.14.7&#8243; _module_preset=&#8221;default&#8221; hover_enabled=&#8221;0&#8243; global_colors_info=&#8221;{}&#8221; sticky_enabled=&#8221;0&#8243;]<button class=\"myButton4\">Sehen Sie die gesamte Reiseroute an!<\/button><!-- [et_pb_line_break_holder] --><a target=\"_blank\" class=\"blankButton\" href=\"https:\/\/travefy.com\/trip\/6yw9rqtxx5ywqz2ac9s4m2dcz6tkk2q\" rel=\"noopener\">Oder bei Travefy!<\/a><!-- [et_pb_line_break_holder] --><!-- [et_pb_line_break_holder] --><\/p>\n<div class=\"travefy-itinerary\" data-travefy-itinerary-id=\"6yw9rqtxx5ywqz2ac9s4m2dcz6tkk2q\"><\/div>\n<p>[\/et_pb_code][\/et_pb_column][\/et_pb_row][et_pb_row _builder_version=&#8221;4.14.7&#8243; _module_preset=&#8221;default&#8221; global_colors_info=&#8221;{}&#8221;][et_pb_column type=&#8221;4_4&#8243; _builder_version=&#8221;4.14.7&#8243; _module_preset=&#8221;default&#8221; global_colors_info=&#8221;{}&#8221;][et_pb_text _builder_version=&#8221;4.14.7&#8243; _module_preset=&#8221;default&#8221; global_colors_info=&#8221;{}&#8221;]<\/p>\n<p><em><strong>Safety concerns:<br \/><\/strong>Despite media hype, the vast majority of Mexico is safe for travelers. The drug violence generally occurs in isolated pockets of the country, and tourists are not a target. Use the same common-sense precautions you\u2019d use traveling anywhere to avoid theft and robbery.<\/em><\/p>\n<p>&nbsp;<\/p>\n<p>[\/et_pb_text][et_pb_code _builder_version=&#8221;4.14.7&#8243; _module_preset=&#8221;default&#8221; global_colors_info=&#8221;{}&#8221;]<script data-version=\"v0\" id=\"travefy-itinerary-embedder\" type=\"text\/javascript\"> (function () { function l() { var s = document.createElement('script'); s.type = 'text\/javascript'; s.async = true; s.src = '\/\/travefy.com\/embed\/itinerary.1.0.js'; var e = document.getElementById('travefy-itinerary-embedder'); e.parentNode.insertBefore(s, e); } if (window.attachEvent) { window.attachEvent('onload', l); } else { window.addEventListener('load', l, false); } })(); <\/script> [\/et_pb_code][\/et_pb_column][\/et_pb_row][\/et_pb_section]<\/p>\n","protected":false},"excerpt":{"rendered":"<p>Mexico Unplugged &nbsp; Wohin wird dich 2022 f\u00fchren?\u201c Es f\u00fchlt sich gut an, diese Worte zu schreiben. Nach einer langen Pause kehrt das Reisen zur\u00fcck. Grenzen werden wieder ge\u00f6ffnet, Familien finden wieder zueinander und lang ersehnte Tr\u00e4ume werden Wirklichkeit. Da das Jahr 2022 schon begonnen hat, planen Sie sicher schon eifrig und aufgeregt Ihre n\u00e4chsten [&hellip;]<\/p>\n<div class=\"blog-overview-custom-wrapper\"><div class=\"blog-overview-custom-element-one\"><\/div><div class=\"blog-overview-custom-element-two\"><\/div><\/div>","protected":false},"author":1,"featured_media":0,"parent":0,"menu_order":0,"comment_status":"closed","ping_status":"closed","template":"","meta":{"_acf_changed":false,"_et_pb_use_builder":"on","_et_pb_old_content":"","_et_gb_content_width":"","footnotes":""},"class_list":["post-2978","page","type-page","status-publish","hentry"],"acf":[],"yoast_head":"<!-- This site is optimized with the Yoast SEO plugin v27.3 - https:\/\/yoast.com\/product\/yoast-seo-wordpress\/ -->\n<title>Mexico Unplugged - German - Azul Pacifico, Private Land and Sea Tours, Regenburg<\/title>\n<meta name=\"robots\" content=\"index, follow, max-snippet:-1, max-image-preview:large, max-video-preview:-1\" \/>\n<link rel=\"canonical\" href=\"https:\/\/azul-pacifico.com\/de\/mexico-unplugged\/\" \/>\n<meta property=\"og:locale\" content=\"en_US\" \/>\n<meta property=\"og:type\" content=\"article\" \/>\n<meta property=\"og:title\" content=\"Mexico Unplugged - German - Azul Pacifico, Private Land and Sea Tours, Regenburg\" \/>\n<meta property=\"og:description\" content=\"Mexico Unplugged &nbsp; Wohin wird dich 2022 f\u00fchren?\u201c Es f\u00fchlt sich gut an, diese Worte zu schreiben. Nach einer langen Pause kehrt das Reisen zur\u00fcck. Grenzen werden wieder ge\u00f6ffnet, Familien finden wieder zueinander und lang ersehnte Tr\u00e4ume werden Wirklichkeit. Da das Jahr 2022 schon begonnen hat, planen Sie sicher schon eifrig und aufgeregt Ihre n\u00e4chsten [&hellip;]\" \/>\n<meta property=\"og:url\" content=\"https:\/\/azul-pacifico.com\/de\/mexico-unplugged\/\" \/>\n<meta property=\"og:site_name\" content=\"German - Azul Pacifico, Private Land and Sea Tours, Regenburg\" \/>\n<meta property=\"article:modified_time\" content=\"2022-02-01T14:25:22+00:00\" \/>\n<meta name=\"twitter:card\" content=\"summary_large_image\" \/>\n<meta name=\"twitter:label1\" content=\"Est. reading time\" \/>\n\t<meta name=\"twitter:data1\" content=\"3 minutes\" \/>\n<script type=\"application\/ld+json\" class=\"yoast-schema-graph\">{\"@context\":\"https:\\\/\\\/schema.org\",\"@graph\":[{\"@type\":\"WebPage\",\"@id\":\"https:\\\/\\\/azul-pacifico.com\\\/de\\\/mexico-unplugged\\\/\",\"url\":\"https:\\\/\\\/azul-pacifico.com\\\/de\\\/mexico-unplugged\\\/\",\"name\":\"Mexico Unplugged - German - Azul Pacifico, Private Land and Sea Tours, Regenburg\",\"isPartOf\":{\"@id\":\"https:\\\/\\\/azul-pacifico.com\\\/de\\\/#website\"},\"datePublished\":\"2022-02-01T13:43:18+00:00\",\"dateModified\":\"2022-02-01T14:25:22+00:00\",\"breadcrumb\":{\"@id\":\"https:\\\/\\\/azul-pacifico.com\\\/de\\\/mexico-unplugged\\\/#breadcrumb\"},\"inLanguage\":\"en-US\",\"potentialAction\":[{\"@type\":\"ReadAction\",\"target\":[\"https:\\\/\\\/azul-pacifico.com\\\/de\\\/mexico-unplugged\\\/\"]}]},{\"@type\":\"BreadcrumbList\",\"@id\":\"https:\\\/\\\/azul-pacifico.com\\\/de\\\/mexico-unplugged\\\/#breadcrumb\",\"itemListElement\":[{\"@type\":\"ListItem\",\"position\":1,\"name\":\"Startseite\",\"item\":\"https:\\\/\\\/azul-pacifico.com\\\/de\\\/\"},{\"@type\":\"ListItem\",\"position\":2,\"name\":\"Mexico Unplugged\"}]},{\"@type\":\"WebSite\",\"@id\":\"https:\\\/\\\/azul-pacifico.com\\\/de\\\/#website\",\"url\":\"https:\\\/\\\/azul-pacifico.com\\\/de\\\/\",\"name\":\"German - Azul Pacifico, Private Land and Sea Tours, Regenburg\",\"description\":\"Private Land and Sea Tours\",\"potentialAction\":[{\"@type\":\"SearchAction\",\"target\":{\"@type\":\"EntryPoint\",\"urlTemplate\":\"https:\\\/\\\/azul-pacifico.com\\\/de\\\/?s={search_term_string}\"},\"query-input\":{\"@type\":\"PropertyValueSpecification\",\"valueRequired\":true,\"valueName\":\"search_term_string\"}}],\"inLanguage\":\"en-US\"}]}<\/script>\n<!-- \/ Yoast SEO plugin. -->","yoast_head_json":{"title":"Mexico Unplugged - German - Azul Pacifico, Private Land and Sea Tours, Regenburg","robots":{"index":"index","follow":"follow","max-snippet":"max-snippet:-1","max-image-preview":"max-image-preview:large","max-video-preview":"max-video-preview:-1"},"canonical":"https:\/\/azul-pacifico.com\/de\/mexico-unplugged\/","og_locale":"en_US","og_type":"article","og_title":"Mexico Unplugged - German - Azul Pacifico, Private Land and Sea Tours, Regenburg","og_description":"Mexico Unplugged &nbsp; Wohin wird dich 2022 f\u00fchren?\u201c Es f\u00fchlt sich gut an, diese Worte zu schreiben. Nach einer langen Pause kehrt das Reisen zur\u00fcck. Grenzen werden wieder ge\u00f6ffnet, Familien finden wieder zueinander und lang ersehnte Tr\u00e4ume werden Wirklichkeit. Da das Jahr 2022 schon begonnen hat, planen Sie sicher schon eifrig und aufgeregt Ihre n\u00e4chsten [&hellip;]","og_url":"https:\/\/azul-pacifico.com\/de\/mexico-unplugged\/","og_site_name":"German - Azul Pacifico, Private Land and Sea Tours, Regenburg","article_modified_time":"2022-02-01T14:25:22+00:00","twitter_card":"summary_large_image","twitter_misc":{"Est. reading time":"3 minutes"},"schema":{"@context":"https:\/\/schema.org","@graph":[{"@type":"WebPage","@id":"https:\/\/azul-pacifico.com\/de\/mexico-unplugged\/","url":"https:\/\/azul-pacifico.com\/de\/mexico-unplugged\/","name":"Mexico Unplugged - German - Azul Pacifico, Private Land and Sea Tours, Regenburg","isPartOf":{"@id":"https:\/\/azul-pacifico.com\/de\/#website"},"datePublished":"2022-02-01T13:43:18+00:00","dateModified":"2022-02-01T14:25:22+00:00","breadcrumb":{"@id":"https:\/\/azul-pacifico.com\/de\/mexico-unplugged\/#breadcrumb"},"inLanguage":"en-US","potentialAction":[{"@type":"ReadAction","target":["https:\/\/azul-pacifico.com\/de\/mexico-unplugged\/"]}]},{"@type":"BreadcrumbList","@id":"https:\/\/azul-pacifico.com\/de\/mexico-unplugged\/#breadcrumb","itemListElement":[{"@type":"ListItem","position":1,"name":"Startseite","item":"https:\/\/azul-pacifico.com\/de\/"},{"@type":"ListItem","position":2,"name":"Mexico Unplugged"}]},{"@type":"WebSite","@id":"https:\/\/azul-pacifico.com\/de\/#website","url":"https:\/\/azul-pacifico.com\/de\/","name":"German - Azul Pacifico, Private Land and Sea Tours, Regenburg","description":"Private Land and Sea Tours","potentialAction":[{"@type":"SearchAction","target":{"@type":"EntryPoint","urlTemplate":"https:\/\/azul-pacifico.com\/de\/?s={search_term_string}"},"query-input":{"@type":"PropertyValueSpecification","valueRequired":true,"valueName":"search_term_string"}}],"inLanguage":"en-US"}]}},"_links":{"self":[{"href":"https:\/\/azul-pacifico.com\/de\/wp-json\/wp\/v2\/pages\/2978","targetHints":{"allow":["GET"]}}],"collection":[{"href":"https:\/\/azul-pacifico.com\/de\/wp-json\/wp\/v2\/pages"}],"about":[{"href":"https:\/\/azul-pacifico.com\/de\/wp-json\/wp\/v2\/types\/page"}],"author":[{"embeddable":true,"href":"https:\/\/azul-pacifico.com\/de\/wp-json\/wp\/v2\/users\/1"}],"replies":[{"embeddable":true,"href":"https:\/\/azul-pacifico.com\/de\/wp-json\/wp\/v2\/comments?post=2978"}],"version-history":[{"count":10,"href":"https:\/\/azul-pacifico.com\/de\/wp-json\/wp\/v2\/pages\/2978\/revisions"}],"predecessor-version":[{"id":2996,"href":"https:\/\/azul-pacifico.com\/de\/wp-json\/wp\/v2\/pages\/2978\/revisions\/2996"}],"wp:attachment":[{"href":"https:\/\/azul-pacifico.com\/de\/wp-json\/wp\/v2\/media?parent=2978"}],"curies":[{"name":"wp","href":"https:\/\/api.w.org\/{rel}","templated":true}]}}