{"id":2510,"date":"2020-11-11T11:29:03","date_gmt":"2020-11-11T10:29:03","guid":{"rendered":"https:\/\/azul-pacifico.com\/de\/?page_id=2510"},"modified":"2020-11-25T11:47:03","modified_gmt":"2020-11-25T10:47:03","slug":"land-tours-mexico","status":"publish","type":"page","link":"https:\/\/azul-pacifico.com\/de\/land-tours-mexico\/","title":{"rendered":"Land Tours &#8211; Mexico &#038; Panama"},"content":{"rendered":"<p>[et_pb_section fb_built=&#8221;1&#8243; fullwidth=&#8221;on&#8221; _builder_version=&#8221;4.6.1&#8243; _module_preset=&#8221;default&#8221;][et_pb_fullwidth_slider use_text_overlay=&#8221;on&#8221; text_overlay_color=&#8221;#000000&#8243; module_class=&#8221;top-fullwidth-slider&#8221; _builder_version=&#8221;4.6.5&#8243; _module_preset=&#8221;default&#8221; header_font_size=&#8221;53px&#8221; custom_padding=&#8221;||||true|false&#8221; auto=&#8221;on&#8221;][et_pb_slide heading=&#8221;AZUL PACIFICO&#8221; button_text=&#8221;ENTDECKEN&#8221; button_link=&#8221;#us-west-tours&#8221; use_bg_overlay=&#8221;on&#8221; use_text_overlay=&#8221;off&#8221; _builder_version=&#8221;4.6.5&#8243; _module_preset=&#8221;default&#8221; background_image=&#8221;https:\/\/azul-pacifico.com\/de\/wp-content\/uploads\/sites\/4\/banner-land-tours-mexico.jpg&#8221; background_enable_image=&#8221;on&#8221; sticky_transition=&#8221;on&#8221;]<img loading=\"lazy\" decoding=\"async\" src=\"https:\/\/azul-pacifico.com\/de\/wp-content\/uploads\/sites\/4\/azul-logo-white-top-banner-300x134.png\" width=\"300\" height=\"134\" alt=\"Azul Pacifico\" class=\"wp-image-1908 alignnone size-medium\" \/>[\/et_pb_slide][\/et_pb_fullwidth_slider][\/et_pb_section][et_pb_section fb_built=&#8221;1&#8243; _builder_version=&#8221;4.6.5&#8243; _module_preset=&#8221;default&#8221; background_color=&#8221;rgba(0,0,0,0)&#8221; custom_padding=&#8221;20px||||false|false&#8221;][et_pb_row _builder_version=&#8221;4.6.5&#8243; _module_preset=&#8221;default&#8221; background_color=&#8221;rgba(0,0,0,0)&#8221;][et_pb_column type=&#8221;4_4&#8243; _builder_version=&#8221;4.6.1&#8243; _module_preset=&#8221;default&#8221;][et_pb_text admin_label=&#8221;Headline &#8211; h1&#8243; _builder_version=&#8221;4.6.5&#8243; _module_preset=&#8221;default&#8221; background_color=&#8221;rgba(0,0,0,0)&#8221; text_orientation=&#8221;center&#8221;]<\/p>\n<h1>MEXICO &#038; PANAMA<\/h1>\n<p>[\/et_pb_text][et_pb_text admin_label=&#8221;Mexico Introduction&#8221; _builder_version=&#8221;4.7.3&#8243; _module_preset=&#8221;default&#8221; background_color=&#8221;rgba(0,0,0,0)&#8221;]Eine Mischung aus Atmosph\u00e4ren, die ein surrealistisches film\u00e4hnliches Gef\u00fchl erzeugt. Barocke St\u00e4dte, die die Geschichte der spanischen Kolonialisierung erz\u00e4hlen, verlorene Ruinen im Dschungel, aktive Vulkane, Speisen, die zum Weltkulturerbe z\u00e4hlen, wei\u00dfe Sandstr\u00e4nde an karibischen K\u00fcsten &#8211; im Gegensatz dazu die wilde und unber\u00fchrte pazifischen Westk\u00fcste Mexikos und vieles mehr. All das wird eingerahmt von den gastfreundlichsten Menschen, die Sie jemals treffen werden.<\/p>\n<p>Es gibt tausende Gr\u00fcnde, sich in Mexiko zu verlieben. Wir empfehlen, mit diesen vier malerischen Touren zu beginnen, die wir aus unserer Erfahrung heraus gestaltet haben[\/et_pb_text][\/et_pb_column][\/et_pb_row][\/et_pb_section][et_pb_section fb_built=&#8221;1&#8243; module_id=&#8221;us-west-tours&#8221; _builder_version=&#8221;4.6.5&#8243; _module_preset=&#8221;default&#8221; background_color=&#8221;rgba(109,172,167,0.45)&#8221; background_enable_image=&#8221;off&#8221; custom_padding=&#8221;20px||||false|false&#8221;][et_pb_row _builder_version=&#8221;4.6.0&#8243; _module_preset=&#8221;default&#8221;][et_pb_column type=&#8221;4_4&#8243; _builder_version=&#8221;4.6.0&#8243; _module_preset=&#8221;default&#8221;][et_pb_text admin_label=&#8221;Headline h2&#8243; _builder_version=&#8221;4.6.5&#8243; _module_preset=&#8221;default&#8221; text_orientation=&#8221;center&#8221;]<\/p>\n<h2>MEXICO &#038; PANAMA TOURS<\/h2>\n<p>[\/et_pb_text][et_pb_dp_oc number_post=&#8221;100&#8243; cpt_name=&#8221;tour&#8221; cpt_categories=&#8221;20,21&#8243; show_post_title=&#8221;on&#8221; custom_fields=&#8221;on&#8221; custom_field_names=&#8221;tour-type&#8221; custom_field_labels=&#8221;Location&#8221; show_post_excerpt=&#8221;on&#8221; read_more=&#8221;on&#8221; read_more_text=&#8221;ENTDECKEN&#8221; show_custom_content=&#8221;on&#8221; behavior=&#8221;linear&#8221; slide_hover=&#8221;on&#8221; thumbnail_original=&#8221;on&#8221; number_thumb=&#8221;3&#8243; number_thumb_tablet=&#8221;2&#8243; number_thumb_phone=&#8221;&#8221; number_thumb_last_edited=&#8221;on|phone&#8221; module_bg=&#8221;#ffffff&#8221; _builder_version=&#8221;4.6.5&#8243; _module_preset=&#8221;default&#8221; text_orientation=&#8221;center&#8221; custom_margin=&#8221;||||false|false&#8221; custom_padding=&#8221;||||false|true&#8221;][\/et_pb_dp_oc][\/et_pb_column][\/et_pb_row][\/et_pb_section][et_pb_section fb_built=&#8221;1&#8243; _builder_version=&#8221;4.6.5&#8243; _module_preset=&#8221;default&#8221; background_color=&#8221;rgba(0,0,0,0)&#8221;][et_pb_row _builder_version=&#8221;4.6.5&#8243; _module_preset=&#8221;default&#8221; background_color=&#8221;rgba(0,0,0,0)&#8221;][et_pb_column type=&#8221;4_4&#8243; _builder_version=&#8221;4.6.1&#8243; _module_preset=&#8221;default&#8221;][et_pb_text admin_label=&#8221;Headline  &#8211; H2&#8243; _builder_version=&#8221;4.7.3&#8243; _module_preset=&#8221;default&#8221; background_color=&#8221;rgba(0,0,0,0)&#8221; text_orientation=&#8221;center&#8221; hover_enabled=&#8221;0&#8243; sticky_enabled=&#8221;0&#8243;]<\/p>\n<h2>DIES K\u00d6NNTE IHNEN AUCH GEFALLEN<\/h2>\n<p>[\/et_pb_text][et_pb_post_slider include_categories=&#8221;20&#8243; more_text=&#8221;ENTDECKEN&#8221; show_meta=&#8221;off&#8221; _builder_version=&#8221;4.6.5&#8243; _module_preset=&#8221;default&#8221;][\/et_pb_post_slider][\/et_pb_column][\/et_pb_row][\/et_pb_section]<\/p>\n","protected":false},"excerpt":{"rendered":"<p>MEXICO &#038; PANAMAEine Mischung aus Atmosph\u00e4ren, die ein surrealistisches film\u00e4hnliches Gef\u00fchl erzeugt. Barocke St\u00e4dte, die die Geschichte der spanischen Kolonialisierung erz\u00e4hlen, verlorene Ruinen im Dschungel, aktive Vulkane, Speisen, die zum Weltkulturerbe z\u00e4hlen, wei\u00dfe Sandstr\u00e4nde an karibischen K\u00fcsten &#8211; im Gegensatz dazu die wilde und unber\u00fchrte pazifischen Westk\u00fcste Mexikos und vieles mehr. All das wird eingerahmt [&hellip;]<\/p>\n<div class=\"blog-overview-custom-wrapper\"><div class=\"blog-overview-custom-element-one\"><\/div><div class=\"blog-overview-custom-element-two\"><\/div><\/div>","protected":false},"author":1,"featured_media":0,"parent":0,"menu_order":0,"comment_status":"closed","ping_status":"closed","template":"","meta":{"_acf_changed":false,"_et_pb_use_builder":"on","_et_pb_old_content":"","_et_gb_content_width":"","footnotes":""},"class_list":["post-2510","page","type-page","status-publish","hentry"],"acf":[],"yoast_head":"<!-- This site is optimized with the Yoast SEO plugin v27.3 - https:\/\/yoast.com\/product\/yoast-seo-wordpress\/ -->\n<title>Land Tours - Mexico &amp; Panama - Azul Pacifico, Private Land and Sea Tours<\/title>\n<meta name=\"description\" content=\"There truly are a thousand reasons to fall in love with Mexico and to get there we recommend starting with these four tours we developed from our experience.\" \/>\n<meta name=\"robots\" content=\"index, follow, max-snippet:-1, max-image-preview:large, max-video-preview:-1\" \/>\n<link rel=\"canonical\" href=\"https:\/\/azul-pacifico.com\/de\/land-tours-mexico\/\" \/>\n<meta property=\"og:locale\" content=\"en_US\" \/>\n<meta property=\"og:type\" content=\"article\" \/>\n<meta property=\"og:title\" content=\"Land Tours - Mexico &amp; Panama - Azul Pacifico, Private Land and Sea Tours\" \/>\n<meta property=\"og:description\" content=\"There truly are a thousand reasons to fall in love with Mexico and to get there we recommend starting with these four tours we developed from our experience.\" \/>\n<meta property=\"og:url\" content=\"https:\/\/azul-pacifico.com\/de\/land-tours-mexico\/\" \/>\n<meta property=\"og:site_name\" content=\"German - Azul Pacifico, Private Land and Sea Tours, Regenburg\" \/>\n<meta property=\"article:modified_time\" content=\"2020-11-25T10:47:03+00:00\" \/>\n<meta property=\"og:image\" content=\"https:\/\/azul-pacifico.com\/de\/wp-content\/uploads\/sites\/4\/azul-logo-white-top-banner-300x134.png\" \/>\n<meta name=\"twitter:card\" content=\"summary_large_image\" \/>\n<meta name=\"twitter:label1\" content=\"Est. reading time\" \/>\n\t<meta name=\"twitter:data1\" content=\"3 minutes\" \/>\n<script type=\"application\/ld+json\" class=\"yoast-schema-graph\">{\"@context\":\"https:\\\/\\\/schema.org\",\"@graph\":[{\"@type\":\"WebPage\",\"@id\":\"https:\\\/\\\/azul-pacifico.com\\\/de\\\/land-tours-mexico\\\/\",\"url\":\"https:\\\/\\\/azul-pacifico.com\\\/de\\\/land-tours-mexico\\\/\",\"name\":\"Land Tours - Mexico & Panama - Azul Pacifico, Private Land and Sea Tours\",\"isPartOf\":{\"@id\":\"https:\\\/\\\/azul-pacifico.com\\\/de\\\/#website\"},\"primaryImageOfPage\":{\"@id\":\"https:\\\/\\\/azul-pacifico.com\\\/de\\\/land-tours-mexico\\\/#primaryimage\"},\"image\":{\"@id\":\"https:\\\/\\\/azul-pacifico.com\\\/de\\\/land-tours-mexico\\\/#primaryimage\"},\"thumbnailUrl\":\"https:\\\/\\\/azul-pacifico.com\\\/de\\\/wp-content\\\/uploads\\\/sites\\\/4\\\/azul-logo-white-top-banner-300x134.png\",\"datePublished\":\"2020-11-11T10:29:03+00:00\",\"dateModified\":\"2020-11-25T10:47:03+00:00\",\"description\":\"There truly are a thousand reasons to fall in love with Mexico and to get there we recommend starting with these four tours we developed from our experience.\",\"breadcrumb\":{\"@id\":\"https:\\\/\\\/azul-pacifico.com\\\/de\\\/land-tours-mexico\\\/#breadcrumb\"},\"inLanguage\":\"en-US\",\"potentialAction\":[{\"@type\":\"ReadAction\",\"target\":[\"https:\\\/\\\/azul-pacifico.com\\\/de\\\/land-tours-mexico\\\/\"]}]},{\"@type\":\"ImageObject\",\"inLanguage\":\"en-US\",\"@id\":\"https:\\\/\\\/azul-pacifico.com\\\/de\\\/land-tours-mexico\\\/#primaryimage\",\"url\":\"https:\\\/\\\/azul-pacifico.com\\\/de\\\/wp-content\\\/uploads\\\/sites\\\/4\\\/azul-logo-white-top-banner.png\",\"contentUrl\":\"https:\\\/\\\/azul-pacifico.com\\\/de\\\/wp-content\\\/uploads\\\/sites\\\/4\\\/azul-logo-white-top-banner.png\",\"width\":501,\"height\":223},{\"@type\":\"BreadcrumbList\",\"@id\":\"https:\\\/\\\/azul-pacifico.com\\\/de\\\/land-tours-mexico\\\/#breadcrumb\",\"itemListElement\":[{\"@type\":\"ListItem\",\"position\":1,\"name\":\"Startseite\",\"item\":\"https:\\\/\\\/azul-pacifico.com\\\/de\\\/\"},{\"@type\":\"ListItem\",\"position\":2,\"name\":\"Land Tours &#8211; Mexico &#038; Panama\"}]},{\"@type\":\"WebSite\",\"@id\":\"https:\\\/\\\/azul-pacifico.com\\\/de\\\/#website\",\"url\":\"https:\\\/\\\/azul-pacifico.com\\\/de\\\/\",\"name\":\"German - Azul Pacifico, Private Land and Sea Tours, Regenburg\",\"description\":\"Private Land and Sea Tours\",\"potentialAction\":[{\"@type\":\"SearchAction\",\"target\":{\"@type\":\"EntryPoint\",\"urlTemplate\":\"https:\\\/\\\/azul-pacifico.com\\\/de\\\/?s={search_term_string}\"},\"query-input\":{\"@type\":\"PropertyValueSpecification\",\"valueRequired\":true,\"valueName\":\"search_term_string\"}}],\"inLanguage\":\"en-US\"}]}<\/script>\n<!-- \/ Yoast SEO plugin. -->","yoast_head_json":{"title":"Land Tours - Mexico & Panama - Azul Pacifico, Private Land and Sea Tours","description":"There truly are a thousand reasons to fall in love with Mexico and to get there we recommend starting with these four tours we developed from our experience.","robots":{"index":"index","follow":"follow","max-snippet":"max-snippet:-1","max-image-preview":"max-image-preview:large","max-video-preview":"max-video-preview:-1"},"canonical":"https:\/\/azul-pacifico.com\/de\/land-tours-mexico\/","og_locale":"en_US","og_type":"article","og_title":"Land Tours - Mexico & Panama - Azul Pacifico, Private Land and Sea Tours","og_description":"There truly are a thousand reasons to fall in love with Mexico and to get there we recommend starting with these four tours we developed from our experience.","og_url":"https:\/\/azul-pacifico.com\/de\/land-tours-mexico\/","og_site_name":"German - Azul Pacifico, Private Land and Sea Tours, Regenburg","article_modified_time":"2020-11-25T10:47:03+00:00","og_image":[{"url":"https:\/\/azul-pacifico.com\/de\/wp-content\/uploads\/sites\/4\/azul-logo-white-top-banner-300x134.png","type":"","width":"","height":""}],"twitter_card":"summary_large_image","twitter_misc":{"Est. reading time":"3 minutes"},"schema":{"@context":"https:\/\/schema.org","@graph":[{"@type":"WebPage","@id":"https:\/\/azul-pacifico.com\/de\/land-tours-mexico\/","url":"https:\/\/azul-pacifico.com\/de\/land-tours-mexico\/","name":"Land Tours - Mexico & Panama - Azul Pacifico, Private Land and Sea Tours","isPartOf":{"@id":"https:\/\/azul-pacifico.com\/de\/#website"},"primaryImageOfPage":{"@id":"https:\/\/azul-pacifico.com\/de\/land-tours-mexico\/#primaryimage"},"image":{"@id":"https:\/\/azul-pacifico.com\/de\/land-tours-mexico\/#primaryimage"},"thumbnailUrl":"https:\/\/azul-pacifico.com\/de\/wp-content\/uploads\/sites\/4\/azul-logo-white-top-banner-300x134.png","datePublished":"2020-11-11T10:29:03+00:00","dateModified":"2020-11-25T10:47:03+00:00","description":"There truly are a thousand reasons to fall in love with Mexico and to get there we recommend starting with these four tours we developed from our experience.","breadcrumb":{"@id":"https:\/\/azul-pacifico.com\/de\/land-tours-mexico\/#breadcrumb"},"inLanguage":"en-US","potentialAction":[{"@type":"ReadAction","target":["https:\/\/azul-pacifico.com\/de\/land-tours-mexico\/"]}]},{"@type":"ImageObject","inLanguage":"en-US","@id":"https:\/\/azul-pacifico.com\/de\/land-tours-mexico\/#primaryimage","url":"https:\/\/azul-pacifico.com\/de\/wp-content\/uploads\/sites\/4\/azul-logo-white-top-banner.png","contentUrl":"https:\/\/azul-pacifico.com\/de\/wp-content\/uploads\/sites\/4\/azul-logo-white-top-banner.png","width":501,"height":223},{"@type":"BreadcrumbList","@id":"https:\/\/azul-pacifico.com\/de\/land-tours-mexico\/#breadcrumb","itemListElement":[{"@type":"ListItem","position":1,"name":"Startseite","item":"https:\/\/azul-pacifico.com\/de\/"},{"@type":"ListItem","position":2,"name":"Land Tours &#8211; Mexico &#038; Panama"}]},{"@type":"WebSite","@id":"https:\/\/azul-pacifico.com\/de\/#website","url":"https:\/\/azul-pacifico.com\/de\/","name":"German - Azul Pacifico, Private Land and Sea Tours, Regenburg","description":"Private Land and Sea Tours","potentialAction":[{"@type":"SearchAction","target":{"@type":"EntryPoint","urlTemplate":"https:\/\/azul-pacifico.com\/de\/?s={search_term_string}"},"query-input":{"@type":"PropertyValueSpecification","valueRequired":true,"valueName":"search_term_string"}}],"inLanguage":"en-US"}]}},"_links":{"self":[{"href":"https:\/\/azul-pacifico.com\/de\/wp-json\/wp\/v2\/pages\/2510","targetHints":{"allow":["GET"]}}],"collection":[{"href":"https:\/\/azul-pacifico.com\/de\/wp-json\/wp\/v2\/pages"}],"about":[{"href":"https:\/\/azul-pacifico.com\/de\/wp-json\/wp\/v2\/types\/page"}],"author":[{"embeddable":true,"href":"https:\/\/azul-pacifico.com\/de\/wp-json\/wp\/v2\/users\/1"}],"replies":[{"embeddable":true,"href":"https:\/\/azul-pacifico.com\/de\/wp-json\/wp\/v2\/comments?post=2510"}],"version-history":[{"count":10,"href":"https:\/\/azul-pacifico.com\/de\/wp-json\/wp\/v2\/pages\/2510\/revisions"}],"predecessor-version":[{"id":2911,"href":"https:\/\/azul-pacifico.com\/de\/wp-json\/wp\/v2\/pages\/2510\/revisions\/2911"}],"wp:attachment":[{"href":"https:\/\/azul-pacifico.com\/de\/wp-json\/wp\/v2\/media?parent=2510"}],"curies":[{"name":"wp","href":"https:\/\/api.w.org\/{rel}","templated":true}]}}