{"id":1292,"date":"2020-09-15T10:17:19","date_gmt":"2020-09-15T08:17:19","guid":{"rendered":"https:\/\/azul-pacifico.com\/de\/?page_id=1292"},"modified":"2020-11-26T08:35:26","modified_gmt":"2020-11-26T07:35:26","slug":"sea-tours","status":"publish","type":"page","link":"https:\/\/azul-pacifico.com\/de\/sea-tours\/","title":{"rendered":"Sea Tours"},"content":{"rendered":"<p>[et_pb_section fb_built=&#8221;1&#8243; fullwidth=&#8221;on&#8221; _builder_version=&#8221;4.6.1&#8243; _module_preset=&#8221;default&#8221;][et_pb_fullwidth_slider use_text_overlay=&#8221;on&#8221; text_overlay_color=&#8221;#000000&#8243; module_class=&#8221;top-fullwidth-slider&#8221; _builder_version=&#8221;4.6.5&#8243; _module_preset=&#8221;default&#8221; header_font_size=&#8221;53px&#8221; custom_padding=&#8221;||||true|false&#8221; auto=&#8221;on&#8221;][et_pb_slide heading=&#8221;AZUL PACIFICO&#8221; button_text=&#8221;ENTDECKEN&#8221; button_link=&#8221;#us-west-tours&#8221; use_bg_overlay=&#8221;on&#8221; use_text_overlay=&#8221;off&#8221; _builder_version=&#8221;4.6.5&#8243; _module_preset=&#8221;default&#8221; background_image=&#8221;https:\/\/azul-pacifico.com\/de\/wp-content\/uploads\/sites\/4\/marine-tour-main.jpg&#8221; background_enable_image=&#8221;on&#8221; sticky_transition=&#8221;on&#8221;]<img loading=\"lazy\" decoding=\"async\" src=\"https:\/\/azul-pacifico.com\/de\/wp-content\/uploads\/sites\/4\/azul-logo-white-top-banner-300x134.png\" width=\"300\" height=\"134\" alt=\"Azul Pacifico\" class=\"wp-image-1908 alignnone size-medium\" \/>[\/et_pb_slide][\/et_pb_fullwidth_slider][\/et_pb_section][et_pb_section fb_built=&#8221;1&#8243; _builder_version=&#8221;4.6.5&#8243; _module_preset=&#8221;default&#8221; background_color=&#8221;rgba(0,0,0,0)&#8221; custom_padding=&#8221;20px||||false|false&#8221;][et_pb_row _builder_version=&#8221;4.6.5&#8243; _module_preset=&#8221;default&#8221; background_color=&#8221;rgba(0,0,0,0)&#8221;][et_pb_column type=&#8221;4_4&#8243; _builder_version=&#8221;4.6.1&#8243; _module_preset=&#8221;default&#8221;][et_pb_text admin_label=&#8221;Headline &#8211; h1&#8243; _builder_version=&#8221;4.7.3&#8243; _module_preset=&#8221;default&#8221; text_orientation=&#8221;center&#8221;]<\/p>\n<h1>SEETOUREN<\/h1>\n<p>[\/et_pb_text][et_pb_text admin_label=&#8221;Marine Introduction&#8221; _builder_version=&#8221;4.7.4&#8243; _module_preset=&#8221;default&#8221; background_color=&#8221;rgba(0,0,0,0)&#8221; hover_enabled=&#8221;0&#8243; sticky_enabled=&#8221;0&#8243;]Seit mehr als 15 Jahren bieten wir Meeres-Touren mit Ocean Adventures, einem ASA-zertifizierten Unternehmen, an. Ganz gleich, ob Sie das Meer entdecken oder einfach nur besser kennenlernen m\u00f6chten, ob Sie Ihr Segelhandwerk verbessern oder einfach nur Urlaub auf wundersch\u00f6nem Wasser machen m\u00f6chten &#8211;  bei uns sind Sie genau richtig. <\/p>\n<p>Wir bringen Sie an die Westk\u00fcste Mexikos, in das reichste und au\u00dfergew\u00f6hnlichste \u00d6kosystem f\u00fcr Meerestiere der Welt: das Meer von Cortez. Genie\u00dfen Sie nach einem langen, hei\u00dfen Tag eine k\u00fchle Meeresbrise. Entdecken Sie versteckte Str\u00e4nde. Schnorcheln Sie. Besuchen Sie sch\u00f6ne Buchten ohne Zivilisation. Tauchen Sie \u2013 egal ob Anf\u00e4nger oder Fortgeschrittener. Angeln Sie im Meer &#8211; das Meer hat f\u00fcr jeden etwas zu bieten.<\/p>\n<p>Aber\u2026 denjenigen von Ihnen, die einer magischen Welt begegnen m\u00f6chten, empfehlen wir die Tuamotus-Korallenatolle im S\u00fcdpazifik. Wir haben diese au\u00dfergew\u00f6hnliche Segelreise so gestaltet, um Ihnen zu zeigen, wie es sich anf\u00fchlt, in einem Traum zu leben, aus dem Sie niemals mehr erwachen m\u00f6chten.<\/p>\n<p>Die folgenden von uns entwickelten Seetouren bieten Ihnen die M\u00f6glichkeit, die unendliche Faszination der Seeleute f\u00fcr das Meer zu verstehen und zu erleben.[\/et_pb_text][\/et_pb_column][\/et_pb_row][\/et_pb_section][et_pb_section fb_built=&#8221;1&#8243; module_id=&#8221;us-west-tours&#8221; _builder_version=&#8221;4.6.5&#8243; _module_preset=&#8221;default&#8221; background_color=&#8221;rgba(109,172,167,0.45)&#8221; background_enable_image=&#8221;off&#8221; custom_padding=&#8221;20px||||false|false&#8221;][et_pb_row _builder_version=&#8221;4.6.0&#8243; _module_preset=&#8221;default&#8221;][et_pb_column type=&#8221;4_4&#8243; _builder_version=&#8221;4.6.0&#8243; _module_preset=&#8221;default&#8221;][et_pb_text admin_label=&#8221;Headline h2&#8243; _builder_version=&#8221;4.7.3&#8243; _module_preset=&#8221;default&#8221; text_orientation=&#8221;center&#8221;]<\/p>\n<h2>MARINE AKTIVIT\u00c4TEN<\/h2>\n<p>[\/et_pb_text][et_pb_dp_oc number_post=&#8221;100&#8243; cpt_name=&#8221;tour&#8221; cpt_categories=&#8221;24&#8243; show_post_title=&#8221;on&#8221; custom_fields=&#8221;on&#8221; custom_field_names=&#8221;tour-type&#8221; custom_field_labels=&#8221;Location&#8221; show_post_excerpt=&#8221;on&#8221; read_more=&#8221;on&#8221; read_more_text=&#8221;ENTDECKEN&#8221; show_custom_content=&#8221;on&#8221; show_control=&#8221;off&#8221; center=&#8221;on&#8221; slide_auto=&#8221;off&#8221; thumbnail_original=&#8221;on&#8221; number_thumb=&#8221;3&#8243; number_thumb_tablet=&#8221;2&#8243; number_thumb_phone=&#8221;&#8221; number_thumb_last_edited=&#8221;on|phone&#8221; module_bg=&#8221;#ffffff&#8221; _builder_version=&#8221;4.6.5&#8243; _module_preset=&#8221;default&#8221; text_orientation=&#8221;center&#8221; custom_margin=&#8221;||||false|false&#8221; custom_padding=&#8221;||||false|true&#8221;][\/et_pb_dp_oc][\/et_pb_column][\/et_pb_row][\/et_pb_section][et_pb_section fb_built=&#8221;1&#8243; _builder_version=&#8221;4.6.5&#8243; _module_preset=&#8221;default&#8221; background_color=&#8221;rgba(0,0,0,0)&#8221; custom_padding=&#8221;||50px||false|false&#8221;][et_pb_row _builder_version=&#8221;4.6.5&#8243; _module_preset=&#8221;default&#8221; background_color=&#8221;rgba(0,0,0,0)&#8221; custom_padding=&#8221;0px||||false|false&#8221;][et_pb_column type=&#8221;4_4&#8243; _builder_version=&#8221;4.6.1&#8243; _module_preset=&#8221;default&#8221;][et_pb_text admin_label=&#8221;Headline  &#8211; H2&#8243; _builder_version=&#8221;4.7.3&#8243; _module_preset=&#8221;default&#8221; background_color=&#8221;rgba(0,0,0,0)&#8221; text_orientation=&#8221;center&#8221;]<\/p>\n<h2>DIES K\u00d6NNTE IHNEN AUCH GEFALLEN<\/h2>\n<p>[\/et_pb_text][et_pb_post_slider include_categories=&#8221;19&#8243; more_text=&#8221;ENTDECKEN&#8221; show_meta=&#8221;off&#8221; _builder_version=&#8221;4.6.1&#8243; _module_preset=&#8221;default&#8221;][\/et_pb_post_slider][\/et_pb_column][\/et_pb_row][\/et_pb_section][et_pb_section fb_built=&#8221;1&#8243; _builder_version=&#8221;4.6.5&#8243; _module_preset=&#8221;default&#8221; background_color=&#8221;rgba(53,104,148,0.33)&#8221; custom_margin=&#8221;||||false|false&#8221; custom_padding=&#8221;||||false|false&#8221;][et_pb_row _builder_version=&#8221;4.6.5&#8243; _module_preset=&#8221;default&#8221;][et_pb_column type=&#8221;4_4&#8243; _builder_version=&#8221;4.6.5&#8243; _module_preset=&#8221;default&#8221;][et_pb_text admin_label=&#8221;Headline  &#8211; H2&#8243; _builder_version=&#8221;4.7.3&#8243; _module_preset=&#8221;default&#8221; background_color=&#8221;rgba(0,0,0,0)&#8221; text_orientation=&#8221;center&#8221;]<\/p>\n<h2>OCEAN ADVENTURES<\/h2>\n<p>[\/et_pb_text][\/et_pb_column][\/et_pb_row][et_pb_row column_structure=&#8221;1_2,1_2&#8243; use_custom_gutter=&#8221;on&#8221; gutter_width=&#8221;1&#8243; make_equal=&#8221;on&#8221; _builder_version=&#8221;4.7.3&#8243; _module_preset=&#8221;default&#8221; background_enable_color=&#8221;off&#8221; custom_padding=&#8221;0px||||false|false&#8221;][et_pb_column type=&#8221;1_2&#8243; _builder_version=&#8221;4.6.5&#8243; _module_preset=&#8221;default&#8221; background_enable_color=&#8221;off&#8221; custom_padding=&#8221;||||true|true&#8221;][et_pb_image src=&#8221;https:\/\/azul-pacifico.com\/de\/wp-content\/uploads\/sites\/4\/link-to-ocean-adventures.jpg&#8221; alt=&#8221;Ocean Adventures&#8221; url=&#8221;https:\/\/www.captainkupps.com\/&#8221; url_new_window=&#8221;on&#8221; _builder_version=&#8221;4.6.5&#8243; _module_preset=&#8221;default&#8221;][\/et_pb_image][\/et_pb_column][et_pb_column type=&#8221;1_2&#8243; _builder_version=&#8221;4.6.5&#8243; _module_preset=&#8221;default&#8221; background_color=&#8221;#ffffff&#8221;][et_pb_text admin_label=&#8221;Ocean Adventures &#8221; _builder_version=&#8221;4.7.3&#8243; _module_preset=&#8221;default&#8221; text_text_color=&#8221;#000000&#8243; link_font=&#8221;||||on|||#000000|&#8221; link_text_color=&#8221;#000000&#8243; background_enable_color=&#8221;off&#8221; custom_margin=&#8221;||||false|false&#8221; custom_padding=&#8221;30px|30px|30px|30px|true|true&#8221;]F\u00fcr diejenigen, die ihr Segelwissen durch spezielle Schulungen, Passagen zu abgelegenen Inseln in pazifischen und karibischen Gew\u00e4ssern, Offshore-Tauchen und Segeln verbessern m\u00f6chten, bietet unsere Schwester Company Ocean Adventures m\u00f6glicherweise viel bessere Optionen.<\/p>\n<p>Klicken<a href=\"https:\/\/www.captainkupps.com\" target=\"_blank\" rel=\"noopener noreferrer\"> Sie hier<\/a> wenn Sie erfahren m\u00f6chten, worum es bei Ocean Adventures geht. <\/p>\n<p>[\/et_pb_text][et_pb_image src=&#8221;https:\/\/azul-pacifico.com\/de\/wp-content\/uploads\/sites\/4\/ocean-adventures-logos-neu-2.jpg&#8221; alt=&#8221;logos&#8221; title_text=&#8221;ocean-adventures-logos&#8221; align=&#8221;center&#8221; _builder_version=&#8221;4.7.3&#8243; _module_preset=&#8221;default&#8221; custom_padding=&#8221;||20px||false|false&#8221; custom_css_main_element=&#8221;max-height:50%;&#8221;][\/et_pb_image][\/et_pb_column][\/et_pb_row][\/et_pb_section]<\/p>\n","protected":false},"excerpt":{"rendered":"<p>SEETOURENSeit mehr als 15 Jahren bieten wir Meeres-Touren mit Ocean Adventures, einem ASA-zertifizierten Unternehmen, an. Ganz gleich, ob Sie das Meer entdecken oder einfach nur besser kennenlernen m\u00f6chten, ob Sie Ihr Segelhandwerk verbessern oder einfach nur Urlaub auf wundersch\u00f6nem Wasser machen m\u00f6chten &#8211; bei uns sind Sie genau richtig. Wir bringen Sie an die Westk\u00fcste [&hellip;]<\/p>\n<div class=\"blog-overview-custom-wrapper\"><div class=\"blog-overview-custom-element-one\"><\/div><div class=\"blog-overview-custom-element-two\"><\/div><\/div>","protected":false},"author":1,"featured_media":0,"parent":0,"menu_order":0,"comment_status":"closed","ping_status":"closed","template":"","meta":{"_acf_changed":false,"_et_pb_use_builder":"on","_et_pb_old_content":"","_et_gb_content_width":"","footnotes":""},"class_list":["post-1292","page","type-page","status-publish","hentry"],"acf":[],"yoast_head":"<!-- This site is optimized with the Yoast SEO plugin v27.3 - https:\/\/yoast.com\/product\/yoast-seo-wordpress\/ -->\n<title>Sea Tours - Azul Pacifico, Private Land and Sea Tours<\/title>\n<meta name=\"description\" content=\"The following Sea tours we have developed, grant you the opportunity to understand and experience the infinite fascination sailors have for the Sea.\" \/>\n<meta name=\"robots\" content=\"index, follow, max-snippet:-1, max-image-preview:large, max-video-preview:-1\" \/>\n<link rel=\"canonical\" href=\"https:\/\/azul-pacifico.com\/de\/sea-tours\/\" \/>\n<meta property=\"og:locale\" content=\"en_US\" \/>\n<meta property=\"og:type\" content=\"article\" \/>\n<meta property=\"og:title\" content=\"Sea Tours - Azul Pacifico, Private Land and Sea Tours\" \/>\n<meta property=\"og:description\" content=\"The following Sea tours we have developed, grant you the opportunity to understand and experience the infinite fascination sailors have for the Sea.\" \/>\n<meta property=\"og:url\" content=\"https:\/\/azul-pacifico.com\/de\/sea-tours\/\" \/>\n<meta property=\"og:site_name\" content=\"German - Azul Pacifico, Private Land and Sea Tours, Regenburg\" \/>\n<meta property=\"article:modified_time\" content=\"2020-11-26T07:35:26+00:00\" \/>\n<meta property=\"og:image\" content=\"https:\/\/azul-pacifico.com\/de\/wp-content\/uploads\/sites\/4\/azul-logo-white-top-banner-300x134.png\" \/>\n<meta name=\"twitter:card\" content=\"summary_large_image\" \/>\n<meta name=\"twitter:label1\" content=\"Est. reading time\" \/>\n\t<meta name=\"twitter:data1\" content=\"5 minutes\" \/>\n<script type=\"application\/ld+json\" class=\"yoast-schema-graph\">{\"@context\":\"https:\\\/\\\/schema.org\",\"@graph\":[{\"@type\":\"WebPage\",\"@id\":\"https:\\\/\\\/azul-pacifico.com\\\/de\\\/sea-tours\\\/\",\"url\":\"https:\\\/\\\/azul-pacifico.com\\\/de\\\/sea-tours\\\/\",\"name\":\"Sea Tours - Azul Pacifico, Private Land and Sea Tours\",\"isPartOf\":{\"@id\":\"https:\\\/\\\/azul-pacifico.com\\\/de\\\/#website\"},\"primaryImageOfPage\":{\"@id\":\"https:\\\/\\\/azul-pacifico.com\\\/de\\\/sea-tours\\\/#primaryimage\"},\"image\":{\"@id\":\"https:\\\/\\\/azul-pacifico.com\\\/de\\\/sea-tours\\\/#primaryimage\"},\"thumbnailUrl\":\"https:\\\/\\\/azul-pacifico.com\\\/de\\\/wp-content\\\/uploads\\\/sites\\\/4\\\/azul-logo-white-top-banner-300x134.png\",\"datePublished\":\"2020-09-15T08:17:19+00:00\",\"dateModified\":\"2020-11-26T07:35:26+00:00\",\"description\":\"The following Sea tours we have developed, grant you the opportunity to understand and experience the infinite fascination sailors have for the Sea.\",\"breadcrumb\":{\"@id\":\"https:\\\/\\\/azul-pacifico.com\\\/de\\\/sea-tours\\\/#breadcrumb\"},\"inLanguage\":\"en-US\",\"potentialAction\":[{\"@type\":\"ReadAction\",\"target\":[\"https:\\\/\\\/azul-pacifico.com\\\/de\\\/sea-tours\\\/\"]}]},{\"@type\":\"ImageObject\",\"inLanguage\":\"en-US\",\"@id\":\"https:\\\/\\\/azul-pacifico.com\\\/de\\\/sea-tours\\\/#primaryimage\",\"url\":\"https:\\\/\\\/azul-pacifico.com\\\/de\\\/wp-content\\\/uploads\\\/sites\\\/4\\\/azul-logo-white-top-banner.png\",\"contentUrl\":\"https:\\\/\\\/azul-pacifico.com\\\/de\\\/wp-content\\\/uploads\\\/sites\\\/4\\\/azul-logo-white-top-banner.png\",\"width\":501,\"height\":223},{\"@type\":\"BreadcrumbList\",\"@id\":\"https:\\\/\\\/azul-pacifico.com\\\/de\\\/sea-tours\\\/#breadcrumb\",\"itemListElement\":[{\"@type\":\"ListItem\",\"position\":1,\"name\":\"Startseite\",\"item\":\"https:\\\/\\\/azul-pacifico.com\\\/de\\\/\"},{\"@type\":\"ListItem\",\"position\":2,\"name\":\"Sea Tours\"}]},{\"@type\":\"WebSite\",\"@id\":\"https:\\\/\\\/azul-pacifico.com\\\/de\\\/#website\",\"url\":\"https:\\\/\\\/azul-pacifico.com\\\/de\\\/\",\"name\":\"German - Azul Pacifico, Private Land and Sea Tours, Regenburg\",\"description\":\"Private Land and Sea Tours\",\"potentialAction\":[{\"@type\":\"SearchAction\",\"target\":{\"@type\":\"EntryPoint\",\"urlTemplate\":\"https:\\\/\\\/azul-pacifico.com\\\/de\\\/?s={search_term_string}\"},\"query-input\":{\"@type\":\"PropertyValueSpecification\",\"valueRequired\":true,\"valueName\":\"search_term_string\"}}],\"inLanguage\":\"en-US\"}]}<\/script>\n<!-- \/ Yoast SEO plugin. -->","yoast_head_json":{"title":"Sea Tours - Azul Pacifico, Private Land and Sea Tours","description":"The following Sea tours we have developed, grant you the opportunity to understand and experience the infinite fascination sailors have for the Sea.","robots":{"index":"index","follow":"follow","max-snippet":"max-snippet:-1","max-image-preview":"max-image-preview:large","max-video-preview":"max-video-preview:-1"},"canonical":"https:\/\/azul-pacifico.com\/de\/sea-tours\/","og_locale":"en_US","og_type":"article","og_title":"Sea Tours - Azul Pacifico, Private Land and Sea Tours","og_description":"The following Sea tours we have developed, grant you the opportunity to understand and experience the infinite fascination sailors have for the Sea.","og_url":"https:\/\/azul-pacifico.com\/de\/sea-tours\/","og_site_name":"German - Azul Pacifico, Private Land and Sea Tours, Regenburg","article_modified_time":"2020-11-26T07:35:26+00:00","og_image":[{"url":"https:\/\/azul-pacifico.com\/de\/wp-content\/uploads\/sites\/4\/azul-logo-white-top-banner-300x134.png","type":"","width":"","height":""}],"twitter_card":"summary_large_image","twitter_misc":{"Est. reading time":"5 minutes"},"schema":{"@context":"https:\/\/schema.org","@graph":[{"@type":"WebPage","@id":"https:\/\/azul-pacifico.com\/de\/sea-tours\/","url":"https:\/\/azul-pacifico.com\/de\/sea-tours\/","name":"Sea Tours - Azul Pacifico, Private Land and Sea Tours","isPartOf":{"@id":"https:\/\/azul-pacifico.com\/de\/#website"},"primaryImageOfPage":{"@id":"https:\/\/azul-pacifico.com\/de\/sea-tours\/#primaryimage"},"image":{"@id":"https:\/\/azul-pacifico.com\/de\/sea-tours\/#primaryimage"},"thumbnailUrl":"https:\/\/azul-pacifico.com\/de\/wp-content\/uploads\/sites\/4\/azul-logo-white-top-banner-300x134.png","datePublished":"2020-09-15T08:17:19+00:00","dateModified":"2020-11-26T07:35:26+00:00","description":"The following Sea tours we have developed, grant you the opportunity to understand and experience the infinite fascination sailors have for the Sea.","breadcrumb":{"@id":"https:\/\/azul-pacifico.com\/de\/sea-tours\/#breadcrumb"},"inLanguage":"en-US","potentialAction":[{"@type":"ReadAction","target":["https:\/\/azul-pacifico.com\/de\/sea-tours\/"]}]},{"@type":"ImageObject","inLanguage":"en-US","@id":"https:\/\/azul-pacifico.com\/de\/sea-tours\/#primaryimage","url":"https:\/\/azul-pacifico.com\/de\/wp-content\/uploads\/sites\/4\/azul-logo-white-top-banner.png","contentUrl":"https:\/\/azul-pacifico.com\/de\/wp-content\/uploads\/sites\/4\/azul-logo-white-top-banner.png","width":501,"height":223},{"@type":"BreadcrumbList","@id":"https:\/\/azul-pacifico.com\/de\/sea-tours\/#breadcrumb","itemListElement":[{"@type":"ListItem","position":1,"name":"Startseite","item":"https:\/\/azul-pacifico.com\/de\/"},{"@type":"ListItem","position":2,"name":"Sea Tours"}]},{"@type":"WebSite","@id":"https:\/\/azul-pacifico.com\/de\/#website","url":"https:\/\/azul-pacifico.com\/de\/","name":"German - Azul Pacifico, Private Land and Sea Tours, Regenburg","description":"Private Land and Sea Tours","potentialAction":[{"@type":"SearchAction","target":{"@type":"EntryPoint","urlTemplate":"https:\/\/azul-pacifico.com\/de\/?s={search_term_string}"},"query-input":{"@type":"PropertyValueSpecification","valueRequired":true,"valueName":"search_term_string"}}],"inLanguage":"en-US"}]}},"_links":{"self":[{"href":"https:\/\/azul-pacifico.com\/de\/wp-json\/wp\/v2\/pages\/1292","targetHints":{"allow":["GET"]}}],"collection":[{"href":"https:\/\/azul-pacifico.com\/de\/wp-json\/wp\/v2\/pages"}],"about":[{"href":"https:\/\/azul-pacifico.com\/de\/wp-json\/wp\/v2\/types\/page"}],"author":[{"embeddable":true,"href":"https:\/\/azul-pacifico.com\/de\/wp-json\/wp\/v2\/users\/1"}],"replies":[{"embeddable":true,"href":"https:\/\/azul-pacifico.com\/de\/wp-json\/wp\/v2\/comments?post=1292"}],"version-history":[{"count":10,"href":"https:\/\/azul-pacifico.com\/de\/wp-json\/wp\/v2\/pages\/1292\/revisions"}],"predecessor-version":[{"id":2934,"href":"https:\/\/azul-pacifico.com\/de\/wp-json\/wp\/v2\/pages\/1292\/revisions\/2934"}],"wp:attachment":[{"href":"https:\/\/azul-pacifico.com\/de\/wp-json\/wp\/v2\/media?parent=1292"}],"curies":[{"name":"wp","href":"https:\/\/api.w.org\/{rel}","templated":true}]}}